{"id":97,"date":"2020-02-12T16:06:52","date_gmt":"2020-02-12T16:06:52","guid":{"rendered":"https:\/\/dansibandsfestivalur.fo\/?page_id=97"},"modified":"2020-02-14T16:09:19","modified_gmt":"2020-02-14T16:09:19","slug":"contrazt-a-dansibandsfestivalin-2020","status":"publish","type":"page","link":"https:\/\/dansibandsfestivalur.fo\/?page_id=97","title":{"rendered":"CONTRAZT \u00e1 Dansibandsfestivalin 2020"},"content":{"rendered":"\n<figure class=\"wp-block-image size-large\"><img loading=\"lazy\" decoding=\"async\" width=\"960\" height=\"660\" src=\"https:\/\/dansibandsfestivalur.fo\/wp-content\/uploads\/2020\/02\/Contrazt.jpg\" alt=\"\" class=\"wp-image-33\" srcset=\"https:\/\/dansibandsfestivalur.fo\/wp-content\/uploads\/2020\/02\/Contrazt.jpg 960w, https:\/\/dansibandsfestivalur.fo\/wp-content\/uploads\/2020\/02\/Contrazt-300x206.jpg 300w, https:\/\/dansibandsfestivalur.fo\/wp-content\/uploads\/2020\/02\/Contrazt-768x528.jpg 768w\" sizes=\"auto, (max-width: 960px) 100vw, 960px\" \/><\/figure>\n\n\n\n<p><\/p>\n\n\n\n<p>Danisbandsfestivalurin \u00ed V\u00e1gi avd\u00faka\u00f0i \u00ed sendingini Upp \u00e1 t\u00e1 \u00ed gj\u00e1rkv\u00f8ldi\u00f0 fyrsta navni\u00f0 til Dansibandsfestivalin \u00ed 2020. Og eru vit sera fegin um at norsku Contrazt komandi \u00e1r leggja lei\u00f0in til F\u00f8royar, til V\u00e1gs at sp\u00e6la \u00e1 Dansibandsfestivalinum.<\/p>\n\n\n\n<p>Contrazt er eitt av spennandi dansibands-n\u00f8vnunum \u00ed Norra Contrazt var\u00f0 stovna\u00f0 \u00ed 2004 og hevur s\u00ed\u00f0ani veri\u00f0 fastur gestur \u00e1 dansibandspallum \u00ed \u00f8llum Nor\u00f0urlondum og komandi \u00e1r gongur lei\u00f0in so til V\u00e1gs.<\/p>\n\n\n\n<p>Contrazt eru manna\u00f0i av:<br>Gro Anita Dybendal, sang<br>Leif Dybendal, gittar og sang<br>Kay Ronny Brobakken, trummur<br>Svein Morten Haugerud, tangentar og saksefon<br>Hans Olav Tr\u00f8en, bass<\/p>\n","protected":false},"excerpt":{"rendered":"<p>Danisbandsfestivalurin \u00ed V\u00e1gi avd\u00faka\u00f0i \u00ed sendingini Upp \u00e1 t\u00e1 \u00ed gj\u00e1rkv\u00f8ldi\u00f0 fyrsta navni\u00f0 til Dansibandsfestivalin \u00ed 2020. Og eru vit&hellip; <\/p>\n","protected":false},"author":1,"featured_media":117,"parent":0,"menu_order":0,"comment_status":"closed","ping_status":"closed","template":"","meta":{"footnotes":""},"class_list":["post-97","page","type-page","status-publish","has-post-thumbnail","hentry"],"_links":{"self":[{"href":"https:\/\/dansibandsfestivalur.fo\/index.php?rest_route=\/wp\/v2\/pages\/97","targetHints":{"allow":["GET"]}}],"collection":[{"href":"https:\/\/dansibandsfestivalur.fo\/index.php?rest_route=\/wp\/v2\/pages"}],"about":[{"href":"https:\/\/dansibandsfestivalur.fo\/index.php?rest_route=\/wp\/v2\/types\/page"}],"author":[{"embeddable":true,"href":"https:\/\/dansibandsfestivalur.fo\/index.php?rest_route=\/wp\/v2\/users\/1"}],"replies":[{"embeddable":true,"href":"https:\/\/dansibandsfestivalur.fo\/index.php?rest_route=%2Fwp%2Fv2%2Fcomments&post=97"}],"version-history":[{"count":3,"href":"https:\/\/dansibandsfestivalur.fo\/index.php?rest_route=\/wp\/v2\/pages\/97\/revisions"}],"predecessor-version":[{"id":132,"href":"https:\/\/dansibandsfestivalur.fo\/index.php?rest_route=\/wp\/v2\/pages\/97\/revisions\/132"}],"wp:featuredmedia":[{"embeddable":true,"href":"https:\/\/dansibandsfestivalur.fo\/index.php?rest_route=\/wp\/v2\/media\/117"}],"wp:attachment":[{"href":"https:\/\/dansibandsfestivalur.fo\/index.php?rest_route=%2Fwp%2Fv2%2Fmedia&parent=97"}],"curies":[{"name":"wp","href":"https:\/\/api.w.org\/{rel}","templated":true}]}}